{"id":246,"date":"2026-04-29T15:31:38","date_gmt":"2026-04-29T13:31:38","guid":{"rendered":"https:\/\/www.bekirov-bau.de\/?page_id=246"},"modified":"2026-05-06T15:21:30","modified_gmt":"2026-05-06T13:21:30","slug":"unsere-leistungen","status":"publish","type":"page","link":"https:\/\/www.bekirov-bau.de\/?page_id=246","title":{"rendered":"Unsere Leistungen"},"content":{"rendered":"\n<div class=\"wp-block-group alignfull has-global-padding is-layout-constrained wp-container-core-group-is-layout-d89aad35 wp-block-group-is-layout-constrained\" style=\"margin-top:0;margin-bottom:0;padding-top:var(--wp--preset--spacing--50);padding-right:var(--wp--preset--spacing--50);padding-bottom:var(--wp--preset--spacing--50);padding-left:var(--wp--preset--spacing--50)\">\n<div class=\"wp-block-group alignwide has-global-padding is-layout-constrained wp-container-core-group-is-layout-19e250f3 wp-block-group-is-layout-constrained\">\n<div class=\"wp-block-group is-vertical is-content-justification-center is-layout-flex wp-container-core-group-is-layout-6329a8f3 wp-block-group-is-layout-flex\">\n<h2 class=\"wp-block-heading has-text-align-center is-style-asterisk\">Unsere Leistungen in Schwerin \u2013 BekirovBAU<\/h2>\n\n\n\n<p class=\"has-text-align-center\">Als Handwerksbetrieb aus Schwerin b\u00fcndeln wir alle wichtigen Services rund um Haus, Gewerbe und Objekt unter einem Dach. Von Elektrik und Reinigung bis Hausmeister, Trockenbau und Winterdienst \u2013 schnell, zuverl\u00e4ssig und zum Festpreis.<\/p>\n<\/div>\n\n\n\n<div style=\"height:var(--wp--preset--spacing--40)\" aria-hidden=\"true\" class=\"wp-block-spacer\"><\/div>\n\n\n\n<div class=\"wp-block-columns alignwide is-layout-flex wp-container-core-columns-is-layout-d1c656ed wp-block-columns-is-layout-flex\">\n<div class=\"wp-block-column is-vertically-aligned-center is-layout-flow wp-block-column-is-layout-flow\" style=\"flex-basis:40%\">\n<h3 class=\"wp-block-heading is-style-asterisk\">Elektriker Schwerin \u2013 Elektroinstallation &amp; Elektronotdienst 24\/7<\/h3>\n\n\n\n<p>Ihr Elektroservice f\u00fcr Neubau, Altbau und Gewerbe in Schwerin und Umgebung. Wir installieren und reparieren: Sicherungskasten erneuern, FI-Schalter tauschen, Steckdosen und Lichtschalter setzen, LED-Beleuchtung innen und au\u00dfen, Fehlersuche bei Stromausfall und Kurzschluss. E-Check nach DIN VDE, Smart Home, Klingel- und Sprechanlagen, Video\u00fcberwachung, SAT- und Netzwerkinstallation. 24h Notdienst.<\/p>\n\n\n\n<div class=\"wp-block-buttons is-layout-flex wp-block-buttons-is-layout-flex\">\n<div class=\"wp-block-button\"><a class=\"wp-block-button__link wp-element-button\">In 30 Min. zur\u00fcckrufen lassen<\/a><\/div>\n<\/div>\n\n\n\n<p>Notdienst:<\/p>\n\n\n\n<ul class=\"wp-block-list\">\n<li>24h Elektro-Hilfe anfordern<\/li>\n\n\n\n<li>Sofort-Termin sichern<\/li>\n\n\n\n<li>Stromausfall? Jetzt Hilfe holen<\/li>\n<\/ul>\n\n\n\n<ul style=\"line-height:1.75\" class=\"wp-block-list is-style-checkmark-list\">\n<li>Elektriker Schwerin<\/li>\n\n\n\n<li>Elektroinstallation Schwerin<\/li>\n\n\n\n<li>Elektronotdienst<\/li>\n<\/ul>\n<\/div>\n\n\n\n<div class=\"wp-block-column is-layout-flow wp-block-column-is-layout-flow\" style=\"flex-basis:50%\">\n<figure class=\"wp-block-image size-large\"><img loading=\"lazy\" decoding=\"async\" width=\"576\" height=\"1024\" src=\"https:\/\/www.bekirov-bau.de\/wp-content\/uploads\/2026\/04\/photo_2026-04-27_11-14-39sa-576x1024.jpg\" alt=\"\" class=\"wp-image-257\" srcset=\"https:\/\/www.bekirov-bau.de\/wp-content\/uploads\/2026\/04\/photo_2026-04-27_11-14-39sa-576x1024.jpg 576w, https:\/\/www.bekirov-bau.de\/wp-content\/uploads\/2026\/04\/photo_2026-04-27_11-14-39sa-169x300.jpg 169w, https:\/\/www.bekirov-bau.de\/wp-content\/uploads\/2026\/04\/photo_2026-04-27_11-14-39sa.jpg 720w\" sizes=\"auto, (max-width: 576px) 100vw, 576px\" \/><\/figure>\n<\/div>\n<\/div>\n\n\n\n<div style=\"height:var(--wp--preset--spacing--40)\" aria-hidden=\"true\" class=\"wp-block-spacer\"><\/div>\n\n\n\n<div class=\"wp-block-columns alignwide is-layout-flex wp-container-core-columns-is-layout-d1c656ed wp-block-columns-is-layout-flex\">\n<div class=\"wp-block-column is-layout-flow wp-block-column-is-layout-flow\" style=\"flex-basis:50%\">\n<figure class=\"wp-block-image size-large\"><img loading=\"lazy\" decoding=\"async\" width=\"682\" height=\"1024\" src=\"https:\/\/www.bekirov-bau.de\/wp-content\/uploads\/2026\/04\/photo_2026-04-27_15-24-41-1-682x1024.jpg\" alt=\"\" class=\"wp-image-250\" srcset=\"https:\/\/www.bekirov-bau.de\/wp-content\/uploads\/2026\/04\/photo_2026-04-27_15-24-41-1-682x1024.jpg 682w, https:\/\/www.bekirov-bau.de\/wp-content\/uploads\/2026\/04\/photo_2026-04-27_15-24-41-1-200x300.jpg 200w, https:\/\/www.bekirov-bau.de\/wp-content\/uploads\/2026\/04\/photo_2026-04-27_15-24-41-1-768x1152.jpg 768w, https:\/\/www.bekirov-bau.de\/wp-content\/uploads\/2026\/04\/photo_2026-04-27_15-24-41-1.jpg 853w\" sizes=\"auto, (max-width: 682px) 100vw, 682px\" \/><\/figure>\n<\/div>\n\n\n\n<div class=\"wp-block-column is-vertically-aligned-center is-layout-flow wp-block-column-is-layout-flow\" style=\"flex-basis:40%\">\n<h3 class=\"wp-block-heading is-style-asterisk\">Reinigungsfirma Schwerin \u2013 Geb\u00e4udereinigung f\u00fcr Gewerbe &amp; Privat<\/h3>\n\n\n\n<p>Professionelle Unterhaltsreinigung, Grundreinigung und Baureinigung ohne versteckte Kosten. Wir reinigen B\u00fcros, Praxen, Gesch\u00e4fte, Lager und Hallen in Schwerin \u2013 flexibel nach Objekt und Nutzung. Saubere Ergebnisse mit geschultem Personal, umweltfreundlichen Mitteln und festen Ansprechpartnern.<\/p>\n\n\n\n<div class=\"wp-block-buttons is-layout-flex wp-block-buttons-is-layout-flex\">\n<div class=\"wp-block-button\"><a class=\"wp-block-button__link wp-element-button\">Jetzt unverbindlich anfragen<\/a><\/div>\n<\/div>\n\n\n\n<p>Reinigung:<\/p>\n\n\n\n<ul class=\"wp-block-list\">\n<li>Gratis Reinigungsangebot erhalten<\/li>\n\n\n\n<li>Preis f\u00fcr B\u00fcroreinigung berechnen<\/li>\n<\/ul>\n\n\n\n<ul style=\"line-height:1.75\" class=\"wp-block-list is-style-checkmark-list\">\n<li>B\u00fcroreinigung Schwerin<\/li>\n\n\n\n<li>Arztpraxenreinigung &amp; Praxisreinigung<\/li>\n\n\n\n<li>Treppenhausreinigung f\u00fcr Hausverwaltungen<\/li>\n\n\n\n<li>Grundreinigung &amp; Bauendreinigung<\/li>\n\n\n\n<li>Kindergarten- und Schulreinigung<\/li>\n\n\n\n<li>Lager- und Hallenreinigung<\/li>\n\n\n\n<li>Privathaushalte &amp; Gewerbe<\/li>\n<\/ul>\n<\/div>\n<\/div>\n\n\n\n<div style=\"height:var(--wp--preset--spacing--40)\" aria-hidden=\"true\" class=\"wp-block-spacer\"><\/div>\n\n\n\n<div class=\"wp-block-columns alignwide is-layout-flex wp-container-core-columns-is-layout-d1c656ed wp-block-columns-is-layout-flex\">\n<div class=\"wp-block-column is-vertically-aligned-center is-layout-flow wp-block-column-is-layout-flow\" style=\"flex-basis:40%\">\n<h3 class=\"wp-block-heading is-style-asterisk\">Hausmeisterservice Schwerin \u2013 Objektbetreuung &amp; Kleinreparaturen<\/h3>\n\n\n\n<p>Technische Betreuung f\u00fcr Wohnanlagen, Gewerbeobjekte und Privath\u00e4user. Wir \u00fcbernehmen Kleinreparaturen, regelm\u00e4\u00dfige Kontrollg\u00e4nge, Haustechnik, T\u00fcr- und Schlie\u00dfdienst, Auf- und Abbau, sowie Koordination von Handwerkern. Ein Ansprechpartner f\u00fcr alles.<\/p>\n\n\n\n<div class=\"wp-block-buttons is-layout-flex wp-block-buttons-is-layout-flex\">\n<div class=\"wp-block-button\"><a class=\"wp-block-button__link wp-element-button\">Kostenlosen R\u00fcckruf anfordern<\/a><\/div>\n<\/div>\n\n\n\n<ul class=\"wp-block-list\">\n<li>Kostenlose Besichtigung vereinbaren<\/li>\n\n\n\n<li>Angebot f\u00fcr Objektbetreuung<\/li>\n<\/ul>\n\n\n\n<ul style=\"line-height:1.75\" class=\"wp-block-list is-style-checkmark-list\">\n<li>Hausmeister Schwerin<\/li>\n\n\n\n<li>Hausmeisterservice<\/li>\n\n\n\n<li>Objektbetreuung<\/li>\n<\/ul>\n<\/div>\n\n\n\n<div class=\"wp-block-column is-layout-flow wp-block-column-is-layout-flow\" style=\"flex-basis:50%\">\n<figure class=\"wp-block-image size-large\"><img loading=\"lazy\" decoding=\"async\" width=\"576\" height=\"1024\" src=\"https:\/\/www.bekirov-bau.de\/wp-content\/uploads\/2026\/04\/photo_2026-04-27_11-14-39-1-576x1024.jpg\" alt=\"\" class=\"wp-image-254\" srcset=\"https:\/\/www.bekirov-bau.de\/wp-content\/uploads\/2026\/04\/photo_2026-04-27_11-14-39-1-576x1024.jpg 576w, https:\/\/www.bekirov-bau.de\/wp-content\/uploads\/2026\/04\/photo_2026-04-27_11-14-39-1-169x300.jpg 169w, https:\/\/www.bekirov-bau.de\/wp-content\/uploads\/2026\/04\/photo_2026-04-27_11-14-39-1.jpg 720w\" sizes=\"auto, (max-width: 576px) 100vw, 576px\" \/><\/figure>\n<\/div>\n<\/div>\n\n\n\n<div style=\"height:var(--wp--preset--spacing--40)\" aria-hidden=\"true\" class=\"wp-block-spacer\"><\/div>\n\n\n\n<div class=\"wp-block-columns alignwide is-layout-flex wp-container-core-columns-is-layout-d1c656ed wp-block-columns-is-layout-flex\">\n<div class=\"wp-block-column is-layout-flow wp-block-column-is-layout-flow\" style=\"flex-basis:50%\">\n<figure class=\"wp-block-image size-large\"><img loading=\"lazy\" decoding=\"async\" width=\"576\" height=\"1024\" src=\"https:\/\/www.bekirov-bau.de\/wp-content\/uploads\/2026\/04\/photo_2026-04-27_11-14-39sassjklkb-576x1024.jpg\" alt=\"\" class=\"wp-image-280\" srcset=\"https:\/\/www.bekirov-bau.de\/wp-content\/uploads\/2026\/04\/photo_2026-04-27_11-14-39sassjklkb-576x1024.jpg 576w, https:\/\/www.bekirov-bau.de\/wp-content\/uploads\/2026\/04\/photo_2026-04-27_11-14-39sassjklkb-169x300.jpg 169w, https:\/\/www.bekirov-bau.de\/wp-content\/uploads\/2026\/04\/photo_2026-04-27_11-14-39sassjklkb.jpg 720w\" sizes=\"auto, (max-width: 576px) 100vw, 576px\" \/><\/figure>\n<\/div>\n\n\n\n<div class=\"wp-block-column is-vertically-aligned-center is-layout-flow wp-block-column-is-layout-flow\" style=\"flex-basis:40%\">\n<h3 class=\"wp-block-heading is-style-asterisk\">Trockenbau Schwerin \u2013 W\u00e4nde, Decken, Akustik<\/h3>\n\n\n\n<p>Trockenbau vom Fachbetrieb: Trennw\u00e4nde, Vorsatzschalen, abgeh\u00e4ngte Decken, Dachausbau, Schallschutz und Brandschutz. Saubere Montage, termintreu, f\u00fcr Wohnung, B\u00fcro und Ladenbau in Schwerin.<\/p>\n\n\n\n<div class=\"wp-block-buttons is-layout-flex wp-block-buttons-is-layout-flex\">\n<div class=\"wp-block-button\"><a class=\"wp-block-button__link wp-element-button\">Kostenlosen R\u00fcckruf anfordern<\/a><\/div>\n<\/div>\n\n\n\n<p>Trockenbau:<\/p>\n\n\n\n<ul class=\"wp-block-list\">\n<li>Kostenlose Besichtigung vereinbaren<\/li>\n\n\n\n<li>Angebot f\u00fcr Objektbetreuung<\/li>\n<\/ul>\n\n\n\n<ul style=\"line-height:1.75\" class=\"wp-block-list is-style-checkmark-list\">\n<li>Trockenbau Schwerin<\/li>\n\n\n\n<li>Gipskarton<\/li>\n\n\n\n<li>Trockenbauer<\/li>\n<\/ul>\n<\/div>\n<\/div>\n\n\n\n<div style=\"height:var(--wp--preset--spacing--40)\" aria-hidden=\"true\" class=\"wp-block-spacer\"><\/div>\n\n\n\n<div class=\"wp-block-columns alignwide is-layout-flex wp-container-core-columns-is-layout-d1c656ed wp-block-columns-is-layout-flex\">\n<div class=\"wp-block-column is-vertically-aligned-center is-layout-flow wp-block-column-is-layout-flow\" style=\"flex-basis:40%\">\n<h3 class=\"wp-block-heading is-style-asterisk\">Renovierung &amp; Reparaturen \u2013 Maler, Boden, Sanierung<\/h3>\n\n\n\n<p>Innenausbau und schnelle Reparaturen: Malerarbeiten, Spachteln, Boden verlegen (Laminat, Vinyl, Teppich), Fliesenarbeiten, kleine Sanit\u00e4r- und Elektroarbeiten. Ideal f\u00fcr Wohnungs\u00fcbergaben, Vermieter und Gewerbe.<\/p>\n\n\n\n<ul style=\"line-height:1.75\" class=\"wp-block-list is-style-checkmark-list\">\n<li>Renovierung Schwerin<\/li>\n\n\n\n<li>Sanierung<\/li>\n\n\n\n<li>Reparaturservice<\/li>\n<\/ul>\n<\/div>\n\n\n\n<div class=\"wp-block-column is-layout-flow wp-block-column-is-layout-flow\" style=\"flex-basis:50%\">\n<figure class=\"wp-block-image size-large\"><img loading=\"lazy\" decoding=\"async\" width=\"819\" height=\"1024\" src=\"https:\/\/www.bekirov-bau.de\/wp-content\/uploads\/2026\/04\/photo_2026-04-29_13-53-03-819x1024.jpg\" alt=\"\" class=\"wp-image-259\" srcset=\"https:\/\/www.bekirov-bau.de\/wp-content\/uploads\/2026\/04\/photo_2026-04-29_13-53-03-819x1024.jpg 819w, https:\/\/www.bekirov-bau.de\/wp-content\/uploads\/2026\/04\/photo_2026-04-29_13-53-03-240x300.jpg 240w, https:\/\/www.bekirov-bau.de\/wp-content\/uploads\/2026\/04\/photo_2026-04-29_13-53-03-768x960.jpg 768w, https:\/\/www.bekirov-bau.de\/wp-content\/uploads\/2026\/04\/photo_2026-04-29_13-53-03.jpg 1024w\" sizes=\"auto, (max-width: 819px) 100vw, 819px\" \/><\/figure>\n<\/div>\n<\/div>\n\n\n\n<div style=\"height:var(--wp--preset--spacing--40)\" aria-hidden=\"true\" class=\"wp-block-spacer\"><\/div>\n\n\n\n<div class=\"wp-block-columns alignwide is-layout-flex wp-container-core-columns-is-layout-d1c656ed wp-block-columns-is-layout-flex\">\n<div class=\"wp-block-column is-layout-flow wp-block-column-is-layout-flow\" style=\"flex-basis:50%\">\n<figure class=\"wp-block-image size-large\"><img loading=\"lazy\" decoding=\"async\" width=\"682\" height=\"1024\" src=\"https:\/\/www.bekirov-bau.de\/wp-content\/uploads\/2026\/04\/photo_2025-09-09_09-41-26-682x1024.jpg\" alt=\"\" class=\"wp-image-261\" srcset=\"https:\/\/www.bekirov-bau.de\/wp-content\/uploads\/2026\/04\/photo_2025-09-09_09-41-26-682x1024.jpg 682w, https:\/\/www.bekirov-bau.de\/wp-content\/uploads\/2026\/04\/photo_2025-09-09_09-41-26-200x300.jpg 200w, https:\/\/www.bekirov-bau.de\/wp-content\/uploads\/2026\/04\/photo_2025-09-09_09-41-26-768x1152.jpg 768w, https:\/\/www.bekirov-bau.de\/wp-content\/uploads\/2026\/04\/photo_2025-09-09_09-41-26.jpg 853w\" sizes=\"auto, (max-width: 682px) 100vw, 682px\" \/><\/figure>\n<\/div>\n\n\n\n<div class=\"wp-block-column is-vertically-aligned-center is-layout-flow wp-block-column-is-layout-flow\" style=\"flex-basis:40%\">\n<h3 class=\"wp-block-heading is-style-asterisk\">M\u00fclltonnendienst Schwerin \u2013 p\u00fcnktlich raus &amp; rein<\/h3>\n\n\n\n<p>Wir stellen Ihre M\u00fclltonnen am Abholtag bereit und zur\u00fcck \u2013 zuverl\u00e4ssig, auch bei Urlaub oder f\u00fcr Hausverwaltungen. Auf Wunsch mit Tonnenreinigung.<\/p>\n\n\n\n<ul style=\"line-height:1.75\" class=\"wp-block-list is-style-checkmark-list\">\n<li>M\u00fclltonnendienst Schwerin<\/li>\n\n\n\n<li>M\u00fclltonnen rausstellen<\/li>\n<\/ul>\n<\/div>\n<\/div>\n\n\n\n<div style=\"height:var(--wp--preset--spacing--40)\" aria-hidden=\"true\" class=\"wp-block-spacer\"><\/div>\n\n\n\n<div class=\"wp-block-columns alignwide is-layout-flex wp-container-core-columns-is-layout-d1c656ed wp-block-columns-is-layout-flex\">\n<div class=\"wp-block-column is-vertically-aligned-center is-layout-flow wp-block-column-is-layout-flow\" style=\"flex-basis:40%\">\n<h3 class=\"wp-block-heading is-style-asterisk\">Winterdienst Schwerin \u2013 Schneer\u00e4umen &amp; Streudienst<\/h3>\n\n\n\n<p>Sicher durch den Winter in Schwerin: Schneer\u00e4umen, Streuen, Eisbeseitigung f\u00fcr Gehwege, Zufahrten, Parkpl\u00e4tze und Wohnanlagen. Mit R\u00e4umplan und 24h Bereitschaft bei Schneefall.<\/p>\n\n\n\n<ul style=\"line-height:1.75\" class=\"wp-block-list is-style-checkmark-list\">\n<li>Winterdienst Schwerin<\/li>\n\n\n\n<li>Schneer\u00e4umung<\/li>\n\n\n\n<li>Streudienst<\/li>\n<\/ul>\n<\/div>\n\n\n\n<div class=\"wp-block-column is-layout-flow wp-block-column-is-layout-flow\" style=\"flex-basis:50%\">\n<figure class=\"wp-block-image size-large\"><img loading=\"lazy\" decoding=\"async\" width=\"682\" height=\"1024\" src=\"https:\/\/www.bekirov-bau.de\/wp-content\/uploads\/2026\/04\/photo_2026-04-29_17-04-37-682x1024.jpg\" alt=\"\" class=\"wp-image-263\" srcset=\"https:\/\/www.bekirov-bau.de\/wp-content\/uploads\/2026\/04\/photo_2026-04-29_17-04-37-682x1024.jpg 682w, https:\/\/www.bekirov-bau.de\/wp-content\/uploads\/2026\/04\/photo_2026-04-29_17-04-37-200x300.jpg 200w, https:\/\/www.bekirov-bau.de\/wp-content\/uploads\/2026\/04\/photo_2026-04-29_17-04-37-768x1152.jpg 768w, https:\/\/www.bekirov-bau.de\/wp-content\/uploads\/2026\/04\/photo_2026-04-29_17-04-37.jpg 853w\" sizes=\"auto, (max-width: 682px) 100vw, 682px\" \/><\/figure>\n<\/div>\n<\/div>\n\n\n\n<div style=\"height:var(--wp--preset--spacing--40)\" aria-hidden=\"true\" class=\"wp-block-spacer\"><\/div>\n\n\n\n<div class=\"wp-block-columns alignwide is-layout-flex wp-container-core-columns-is-layout-d1c656ed wp-block-columns-is-layout-flex\">\n<div class=\"wp-block-column is-layout-flow wp-block-column-is-layout-flow\" style=\"flex-basis:50%\">\n<figure class=\"wp-block-image size-large\"><img loading=\"lazy\" decoding=\"async\" width=\"576\" height=\"1024\" src=\"https:\/\/www.bekirov-bau.de\/wp-content\/uploads\/2026\/04\/photo_2026-04-27_11-14-39sassjk-576x1024.jpg\" alt=\"\" class=\"wp-image-265\" srcset=\"https:\/\/www.bekirov-bau.de\/wp-content\/uploads\/2026\/04\/photo_2026-04-27_11-14-39sassjk-576x1024.jpg 576w, https:\/\/www.bekirov-bau.de\/wp-content\/uploads\/2026\/04\/photo_2026-04-27_11-14-39sassjk-169x300.jpg 169w, https:\/\/www.bekirov-bau.de\/wp-content\/uploads\/2026\/04\/photo_2026-04-27_11-14-39sassjk.jpg 720w\" sizes=\"auto, (max-width: 576px) 100vw, 576px\" \/><\/figure>\n<\/div>\n\n\n\n<div class=\"wp-block-column is-vertically-aligned-center is-layout-flow wp-block-column-is-layout-flow\" style=\"flex-basis:40%\">\n<h3 class=\"wp-block-heading is-style-asterisk\">Fensterreinigung Schwerin \u2013 Glas- &amp; Rahmenreinigung<\/h3>\n\n\n\n<p>Streifenfreie Fenster f\u00fcr Privat und Gewerbe. Innen, au\u00dfen, Rahmen und Winterg\u00e4rten. Regelm\u00e4\u00dfige Intervalle oder einmalige Glasreinigung nach Bau und Renovierung.<\/p>\n\n\n\n<ul style=\"line-height:1.75\" class=\"wp-block-list is-style-checkmark-list\">\n<li>Fensterreinigung Schwerin<\/li>\n\n\n\n<li>Fensterputzer<\/li>\n\n\n\n<li>Glasreinigung<\/li>\n<\/ul>\n<\/div>\n<\/div>\n\n\n\n<div style=\"height:var(--wp--preset--spacing--40)\" aria-hidden=\"true\" class=\"wp-block-spacer\"><\/div>\n\n\n\n<div class=\"wp-block-columns alignwide is-layout-flex wp-container-core-columns-is-layout-d1c656ed wp-block-columns-is-layout-flex\">\n<div class=\"wp-block-column is-vertically-aligned-center is-layout-flow wp-block-column-is-layout-flow\" style=\"flex-basis:40%\">\n<h3 class=\"wp-block-heading is-style-asterisk\">Gartenpflege Schwerin \u2013 Rasen, Hecke, Gr\u00fcnanlagen<\/h3>\n\n\n\n<p>Ganzj\u00e4hrige Pflege: Rasenm\u00e4hen, Heckenschnitt, Laub entfernen, Beete pflegen, Gr\u00fcnschnitt entsorgen. F\u00fcr Hausverwaltungen, Firmen und Privatkunden in Schwerin und Umgebung.<\/p>\n\n\n\n<ul style=\"line-height:1.75\" class=\"wp-block-list is-style-checkmark-list\">\n<li>Gartenpflege Schwerin<\/li>\n\n\n\n<li>Rasenm\u00e4hen<\/li>\n\n\n\n<li>Heckenschnitt<\/li>\n<\/ul>\n<\/div>\n\n\n\n<div class=\"wp-block-column is-layout-flow wp-block-column-is-layout-flow\" style=\"flex-basis:50%\">\n<figure class=\"wp-block-image size-large\"><img loading=\"lazy\" decoding=\"async\" width=\"576\" height=\"1024\" src=\"https:\/\/www.bekirov-bau.de\/wp-content\/uploads\/2026\/04\/photo_2026-04-27_11-14-39sassjklk-576x1024.jpg\" alt=\"\" class=\"wp-image-268\" srcset=\"https:\/\/www.bekirov-bau.de\/wp-content\/uploads\/2026\/04\/photo_2026-04-27_11-14-39sassjklk-576x1024.jpg 576w, https:\/\/www.bekirov-bau.de\/wp-content\/uploads\/2026\/04\/photo_2026-04-27_11-14-39sassjklk-169x300.jpg 169w, https:\/\/www.bekirov-bau.de\/wp-content\/uploads\/2026\/04\/photo_2026-04-27_11-14-39sassjklk.jpg 720w\" sizes=\"auto, (max-width: 576px) 100vw, 576px\" \/><\/figure>\n<\/div>\n<\/div>\n<\/div>\n<\/div>\n\n\n\n<div class=\"wp-block-group alignfull has-base-color has-contrast-background-color has-text-color has-background has-global-padding is-layout-constrained wp-container-core-group-is-layout-ef3d885c wp-block-group-is-layout-constrained\" style=\"margin-top:0;margin-bottom:0;padding-top:var(--wp--preset--spacing--60);padding-right:var(--wp--preset--spacing--60);padding-bottom:var(--wp--preset--spacing--60);padding-left:var(--wp--preset--spacing--60)\">\n<div class=\"wp-block-group has-global-padding is-layout-constrained wp-block-group-is-layout-constrained\">\n<p class=\"has-text-align-center has-base-color has-text-color has-heading-font-family has-x-large-font-size\" style=\"line-height:1.2\"><em>BekirovBAU, Obotritenring 99, <\/em><\/p>\n\n\n\n<p class=\"has-text-align-center has-base-color has-text-color has-heading-font-family has-x-large-font-size\" style=\"line-height:1.2\"><em>19053 Schwerin<\/em><\/p>\n\n\n\n<div style=\"height:var(--wp--preset--spacing--10)\" aria-hidden=\"true\" class=\"wp-block-spacer\"><\/div>\n\n\n\n<div class=\"wp-block-group is-vertical is-content-justification-center is-nowrap is-layout-flex wp-container-core-group-is-layout-2dc08cea wp-block-group-is-layout-flex\">\n<p class=\"has-text-align-center\" style=\"margin-top:var(--wp--preset--spacing--10);margin-bottom:0\">Tel. +4915140764188<\/p>\n\n\n\n<p class=\"has-text-align-center has-contrast-3-color has-text-color has-small-font-size\" style=\"font-style:normal;font-weight:300\">info@bekirov-bau.de<\/p>\n<\/div>\n<\/div>\n<\/div>\n\n\n\n<div class=\"wp-block-group alignfull has-global-padding is-layout-constrained wp-container-core-group-is-layout-d89aad35 wp-block-group-is-layout-constrained\" style=\"margin-top:0;margin-bottom:0;padding-top:var(--wp--preset--spacing--50);padding-right:var(--wp--preset--spacing--50);padding-bottom:var(--wp--preset--spacing--50);padding-left:var(--wp--preset--spacing--50)\">\n<h2 class=\"wp-block-heading alignwide has-x-large-font-size\" style=\"margin-top:0;margin-bottom:var(--wp--preset--spacing--40);line-height:1\">Alles aus einer Hand<\/h2>\n<\/div>\n","protected":false},"excerpt":{"rendered":"<p>Unsere Leistungen in Schwerin \u2013 BekirovBAU Als Handwerksbetrieb aus Schwerin b\u00fcndeln wir alle wichtigen Services rund um Haus, Gewerbe und Objekt unter einem Dach. Von Elektrik und Reinigung bis Hausmeister, Trockenbau und Winterdienst \u2013 schnell, zuverl\u00e4ssig und zum Festpreis. Elektriker Schwerin \u2013 Elektroinstallation &amp; Elektronotdienst 24\/7 Ihr Elektroservice f\u00fcr Neubau, Altbau und Gewerbe in Schwerin [&hellip;]<\/p>\n","protected":false},"author":1,"featured_media":0,"parent":0,"menu_order":0,"comment_status":"closed","ping_status":"closed","template":"","meta":{"footnotes":""},"class_list":["post-246","page","type-page","status-publish","hentry"],"_links":{"self":[{"href":"https:\/\/www.bekirov-bau.de\/index.php?rest_route=\/wp\/v2\/pages\/246","targetHints":{"allow":["GET"]}}],"collection":[{"href":"https:\/\/www.bekirov-bau.de\/index.php?rest_route=\/wp\/v2\/pages"}],"about":[{"href":"https:\/\/www.bekirov-bau.de\/index.php?rest_route=\/wp\/v2\/types\/page"}],"author":[{"embeddable":true,"href":"https:\/\/www.bekirov-bau.de\/index.php?rest_route=\/wp\/v2\/users\/1"}],"replies":[{"embeddable":true,"href":"https:\/\/www.bekirov-bau.de\/index.php?rest_route=%2Fwp%2Fv2%2Fcomments&post=246"}],"version-history":[{"count":19,"href":"https:\/\/www.bekirov-bau.de\/index.php?rest_route=\/wp\/v2\/pages\/246\/revisions"}],"predecessor-version":[{"id":353,"href":"https:\/\/www.bekirov-bau.de\/index.php?rest_route=\/wp\/v2\/pages\/246\/revisions\/353"}],"wp:attachment":[{"href":"https:\/\/www.bekirov-bau.de\/index.php?rest_route=%2Fwp%2Fv2%2Fmedia&parent=246"}],"curies":[{"name":"wp","href":"https:\/\/api.w.org\/{rel}","templated":true}]}}