{"id":30,"date":"2026-04-24T13:39:15","date_gmt":"2026-04-24T11:39:15","guid":{"rendered":"https:\/\/www.bekirov-bau.de\/?page_id=30"},"modified":"2026-04-29T11:48:33","modified_gmt":"2026-04-29T09:48:33","slug":"datenschutz","status":"publish","type":"page","link":"https:\/\/www.bekirov-bau.de\/?page_id=30","title":{"rendered":"Datenschutz"},"content":{"rendered":"\n<div class=\"wp-block-group alignfull has-global-padding is-layout-constrained wp-container-core-group-is-layout-490fa1db wp-block-group-is-layout-constrained\" style=\"padding-top:var(--wp--preset--spacing--50);padding-right:var(--wp--preset--spacing--50);padding-bottom:var(--wp--preset--spacing--50);padding-left:var(--wp--preset--spacing--50)\">\n<div class=\"wp-block-group has-global-padding is-layout-constrained wp-container-core-group-is-layout-650790e1 wp-block-group-is-layout-constrained\">\n<h1 class=\"wp-block-heading has-text-align-center has-x-large-font-size\"><strong>Datenschutzerkl\u00e4rung<\/strong><\/h1>\n\n\n\n<div style=\"height:1.25rem\" aria-hidden=\"true\" class=\"wp-block-spacer\"><\/div>\n\n\n\n<p class=\"has-text-align-center\">Stand: Juni 2025<\/p>\n\n\n\n<ol class=\"wp-block-list\">\n<li><strong>Einleitung<\/strong><\/li>\n<\/ol>\n\n\n\n<p>Der Schutz Ihrer pers\u00f6nlichen Daten ist uns ein besonderes Anliegen. Wir behandeln Ihre personenbezogenen Daten vertraulich und entsprechend der gesetzlichen Datenschutzvorschriften sowie dieser Datenschutzerkl\u00e4rung.<\/p>\n\n\n\n<p>\u2e3b<\/p>\n\n\n\n<ul class=\"wp-block-list\">\n<li><strong>Verantwortlicher<\/strong><\/li>\n<\/ul>\n\n\n\n<p><strong>Bekirov Bau GmbH<\/strong><br>Obotritenring 99<br>19053 Schwerin<br>Deutschland<br>Telefon: +49 151 40764188<br>E-Mail: info@bekirov-bau.de<\/p>\n\n\n\n<p>\u2e3b<\/p>\n\n\n\n<ul class=\"wp-block-list\">\n<li><strong>Zugriffsdaten und Hosting<\/strong><\/li>\n<\/ul>\n\n\n\n<p>Beim Aufrufen unserer Website erhebt unser Hosting-Anbieter automatisch sogenannte Server-Logfiles. Diese beinhalten z. B.:<br>\u2022 Besuchte Seite<br>\u2022 Datum und Uhrzeit des Zugriffs<br>\u2022 Menge der gesendeten Daten<br>\u2022 Quelle\/Verweis, von welchem Sie auf die Seite gelangten<br>\u2022 Verwendeter Browser<br>\u2022 Verwendetes Betriebssystem<br>\u2022 Verwendete IP-Adresse (ggf. anonymisiert)<\/p>\n\n\n\n<p>Diese Daten dienen ausschlie\u00dflich der technischen Sicherheit und Optimierung der Website. Eine Zusammenf\u00fchrung mit anderen Daten erfolgt nicht.<\/p>\n\n\n\n<p>\u2e3b<\/p>\n\n\n\n<ul class=\"wp-block-list\">\n<li><strong>Cookies<\/strong><\/li>\n<\/ul>\n\n\n\n<p>Unsere Website verwendet Cookies, um bestimmte Funktionen bereitzustellen und die Benutzerfreundlichkeit zu verbessern.<\/p>\n\n\n\n<p><strong>Cookie-Arten:<\/strong><br>\u2022 Notwendige Cookies \u2013 f\u00fcr den Betrieb der Seite unerl\u00e4sslich (z. B. Spracheinstellungen, Login)<br>\u2022 Statistik-Cookies \u2013 zur anonymisierten Analyse der Nutzung<br>\u2022 Marketing-Cookies \u2013 zur Anzeige personalisierter Inhalte (nur mit Zustimmung)<\/p>\n\n\n\n<p><strong>Hinweis:<\/strong><br>Unsere Cookie-Richtlinie wird Ihnen beim ersten Besuch der Website angezeigt. Dort k\u00f6nnen Sie Ihre Pr\u00e4ferenzen jederzeit anpassen. Weitere Informationen finden Sie in unserer Cookie-Richtlinie.<\/p>\n\n\n\n<p>\u2e3b<\/p>\n\n\n\n<ul class=\"wp-block-list\">\n<li><strong>Kontaktformular &amp; E-Mail-Kontakt<\/strong><\/li>\n<\/ul>\n\n\n\n<p>Wenn Sie uns per Kontaktformular oder E-Mail Anfragen zukommen lassen, werden Ihre Angaben inklusive der von Ihnen angegebenen Kontaktdaten gespeichert, um Ihre Anfrage zu bearbeiten.<\/p>\n\n\n\n<p><strong>Rechtsgrundlage:<\/strong>&nbsp;Art. 6 Abs. 1 lit. b DSGVO (Vertragserf\u00fcllung oder vorvertragliche Ma\u00dfnahmen)<\/p>\n\n\n\n<p>\u2e3b<\/p>\n\n\n\n<ul class=\"wp-block-list\">\n<li><strong>Verarbeitung im Rahmen von Kundenauftr\u00e4gen<\/strong><\/li>\n<\/ul>\n\n\n\n<p>Zur Abwicklung von Kundenanfragen, Angeboten und Projekten verarbeiten wir folgende Daten:<br>\u2022 Name, Anschrift, E-Mail-Adresse, Telefonnummer<br>\u2022 Projektdaten (z. B. Bauort, Zeitpl\u00e4ne)<br>\u2022 Abrechnungsinformationen<\/p>\n\n\n\n<p><strong>Rechtsgrundlage:&nbsp;<\/strong>Art. 6 Abs. 1 lit. b DSGVO<\/p>\n\n\n\n<p>\u2e3b<\/p>\n\n\n\n<ul class=\"wp-block-list\">\n<li><strong>Weitergabe von Daten<\/strong><\/li>\n<\/ul>\n\n\n\n<p>Eine Weitergabe Ihrer Daten erfolgt ausschlie\u00dflich:<br>\u2022 an Dienstleister (z. B. Steuerberater, IT-Dienstleister)<br>\u2022 auf gesetzlicher Grundlage (z. B. Finanzamt)<br>\u2022 nur im erforderlichen Rahmen<\/p>\n\n\n\n<p>\u2e3b<\/p>\n\n\n\n<ul class=\"wp-block-list\">\n<li><strong>Technische Dienstleister<\/strong><\/li>\n<\/ul>\n\n\n\n<p>Zur Bereitstellung dieser Website nutzen wir technische Dienstleister (z. B. Hosting-Anbieter, Webentwicklungsdienste), die im Rahmen einer Auftragsverarbeitung gem\u00e4\u00df Art. 28 DSGVO eingebunden sind.<\/p>\n\n\n\n<p>\u2e3b<\/p>\n\n\n\n<ul class=\"wp-block-list\">\n<li><strong>Ihre Rechte<\/strong><\/li>\n<\/ul>\n\n\n\n<p>Sie haben jederzeit das Recht auf:<br>\u2022 Auskunft gem\u00e4\u00df Art. 15 DSGVO<br>\u2022 Berichtigung gem\u00e4\u00df Art. 16 DSGVO<br>\u2022 L\u00f6schung gem\u00e4\u00df Art. 17 DSGVO<br>\u2022 Einschr\u00e4nkung der Verarbeitung gem\u00e4\u00df Art. 18 DSGVO<br>\u2022 Daten\u00fcbertragbarkeit gem\u00e4\u00df Art. 20 DSGVO<br>\u2022 Widerspruch gem\u00e4\u00df Art. 21 DSGVO<\/p>\n\n\n\n<p>Bitte wenden Sie sich dazu an:&nbsp;<strong>info@bekirov-bau.de<\/strong><\/p>\n\n\n\n<p>\u2e3b<\/p>\n\n\n\n<ol class=\"wp-block-list\">\n<li><strong>Dauer der Speicherung<\/strong><\/li>\n<\/ol>\n\n\n\n<p>Wir speichern Ihre personenbezogenen Daten nur so lange, wie es f\u00fcr die jeweiligen Verarbeitungszwecke erforderlich ist oder gesetzliche Aufbewahrungsfristen bestehen.<\/p>\n\n\n\n<p>\u2e3b<\/p>\n\n\n\n<ol class=\"wp-block-list\">\n<li><strong>SSL-\/TLS-Verschl\u00fcsselung<\/strong><\/li>\n<\/ol>\n\n\n\n<p>Unsere Website nutzt aus Sicherheitsgr\u00fcnden eine SSL-\/TLS-Verschl\u00fcsselung, um \u00fcbermittelte Daten vor unbefugtem Zugriff zu sch\u00fctzen.<\/p>\n\n\n\n<p>\u2e3b<\/p>\n\n\n\n<ol class=\"wp-block-list\">\n<li><strong>Externe Links und Inhalte Dritter<\/strong><\/li>\n<\/ol>\n\n\n\n<p>Unsere Website kann Links zu externen Webseiten enthalten. Wir \u00fcbernehmen keine Verantwortung f\u00fcr deren Inhalte oder Datenschutzpraktiken.<\/p>\n\n\n\n<p>\u2e3b<\/p>\n\n\n\n<ol class=\"wp-block-list\">\n<li><strong>Impressum<\/strong><\/li>\n<\/ol>\n\n\n\n<p>Weitere Informationen zu unserem Unternehmen finden Sie im Impressum.<\/p>\n\n\n\n<p><strong><a href=\"https:\/\/www.bekirov-bau.de\/\">BekirovBAU GmbH Trockenbau &amp; Hausmeister<\/a><\/strong><strong><\/strong><\/p>\n\n\n\n<p>Obotritenring 99, 19053 Schwerin<\/p>\n\n\n\n<p>Inh. Eskender Bekirov<\/p>\n\n\n\n<p>USt-IdNr.: DE359520643<\/p>\n\n\n\n<p>Steuernummer: 090\/106\/01689<\/p>\n\n\n\n<p>Tel.: +4915140764188<\/p>\n\n\n\n<p><strong>info@bekirov-bau.de<\/strong><\/p>\n\n\n\n<div style=\"height:1.25rem\" aria-hidden=\"true\" class=\"wp-block-spacer\"><\/div>\n<\/div>\n\n\n\n<div style=\"height:var(--wp--preset--spacing--30)\" aria-hidden=\"true\" class=\"wp-block-spacer\"><\/div>\n<\/div>\n\n\n\n<p><\/p>\n","protected":false},"excerpt":{"rendered":"<p>Datenschutzerkl\u00e4rung Stand: Juni 2025 Der Schutz Ihrer pers\u00f6nlichen Daten ist uns ein besonderes Anliegen. Wir behandeln Ihre personenbezogenen Daten vertraulich und entsprechend der gesetzlichen Datenschutzvorschriften sowie dieser Datenschutzerkl\u00e4rung. \u2e3b Bekirov Bau GmbHObotritenring 9919053 SchwerinDeutschlandTelefon: +49 151 40764188E-Mail: info@bekirov-bau.de \u2e3b Beim Aufrufen unserer Website erhebt unser Hosting-Anbieter automatisch sogenannte Server-Logfiles. Diese beinhalten z. B.:\u2022 Besuchte Seite\u2022 [&hellip;]<\/p>\n","protected":false},"author":1,"featured_media":0,"parent":0,"menu_order":0,"comment_status":"closed","ping_status":"closed","template":"","meta":{"footnotes":""},"class_list":["post-30","page","type-page","status-publish","hentry"],"_links":{"self":[{"href":"https:\/\/www.bekirov-bau.de\/index.php?rest_route=\/wp\/v2\/pages\/30","targetHints":{"allow":["GET"]}}],"collection":[{"href":"https:\/\/www.bekirov-bau.de\/index.php?rest_route=\/wp\/v2\/pages"}],"about":[{"href":"https:\/\/www.bekirov-bau.de\/index.php?rest_route=\/wp\/v2\/types\/page"}],"author":[{"embeddable":true,"href":"https:\/\/www.bekirov-bau.de\/index.php?rest_route=\/wp\/v2\/users\/1"}],"replies":[{"embeddable":true,"href":"https:\/\/www.bekirov-bau.de\/index.php?rest_route=%2Fwp%2Fv2%2Fcomments&post=30"}],"version-history":[{"count":6,"href":"https:\/\/www.bekirov-bau.de\/index.php?rest_route=\/wp\/v2\/pages\/30\/revisions"}],"predecessor-version":[{"id":199,"href":"https:\/\/www.bekirov-bau.de\/index.php?rest_route=\/wp\/v2\/pages\/30\/revisions\/199"}],"wp:attachment":[{"href":"https:\/\/www.bekirov-bau.de\/index.php?rest_route=%2Fwp%2Fv2%2Fmedia&parent=30"}],"curies":[{"name":"wp","href":"https:\/\/api.w.org\/{rel}","templated":true}]}}